{"id":6804,"date":"2019-11-01T22:46:14","date_gmt":"2019-11-01T22:46:14","guid":{"rendered":"http:\/\/nitidoaluminio.com.ar\/web\/?page_id=6804"},"modified":"2019-11-04T18:48:34","modified_gmt":"2019-11-04T18:48:34","slug":"productos","status":"publish","type":"page","link":"https:\/\/nitidoaluminio.com.ar\/web\/productos\/","title":{"rendered":"Productos"},"content":{"rendered":"<div id=\"pl-6804\"  class=\"panel-layout\" ><div id=\"pg-6804-0\"  class=\"panel-grid panel-no-style\" ><div id=\"pgc-6804-0-0\"  class=\"panel-grid-cell\" ><div id=\"panel-6804-0-0-0\" class=\"so-panel widget widget_sow-editor panel-first-child panel-last-child\" data-index=\"0\" ><div class=\"so-widget-sow-editor so-widget-sow-editor-base\">\n<div class=\"siteorigin-widget-tinymce textwidget\">\n\t<hr \/>\n<p><span style=\"font-size: medium;\">Nuestros productos se realizan con altos est\u00e1ndares de calidad en todos los procesos, uniendo creatividad y conocimiento en cada proyecto, para lograr espacios m\u00e1s placenteros.<\/span><\/p>\n<\/div>\n<\/div><\/div><\/div><div id=\"pgc-6804-0-1\"  class=\"panel-grid-cell\" ><div id=\"panel-6804-0-1-0\" class=\"so-panel widget widget_sow-accordion panel-first-child panel-last-child\" data-index=\"1\" ><div class=\"so-widget-sow-accordion so-widget-sow-accordion-default-99be652ed941-6804\"><div>\n\t<div class=\"sow-accordion\">\n\t\t\t<div class=\"sow-accordion-panel\"\n\t\t\t data-anchor=\"calidad-y-soluci%c3%b3n-eficiente\">\n\t\t\t\t<div class=\"sow-accordion-panel-header-container\" role=\"heading\" aria-level=\"2\">\n\t\t\t\t\t<div class=\"sow-accordion-panel-header\" tabindex=\"0\" role=\"button\" id=\"accordion-label-calidad-y-soluci%c3%b3n-eficiente\" aria-controls=\"accordion-content-calidad-y-soluci%c3%b3n-eficiente\" aria-expanded=\"false\">\n\t\t\t\t\t\t<div class=\"sow-accordion-title sow-accordion-title-icon-left\">\n\t\t\t\t\t\t\t\t\t\t\t\t\t\tCalidad y soluci\u00f3n eficiente\t\t\t\t\t\t\t\t\t\t\t\t\t<\/div>\n\t\t\t\t\t\t<div class=\"sow-accordion-open-close-button\">\n\t\t\t\t\t\t\t<div class=\"sow-accordion-open-button\">\n\t\t\t\t\t\t\t\t<span class=\"sow-icon-ionicons\" data-sow-icon=\"&#xf218;\"\n\t\t ><\/span>\t\t\t\t\t\t\t<\/div>\n\t\t\t\t\t\t\t<div class=\"sow-accordion-close-button\">\n\t\t\t\t\t\t\t\t<span class=\"sow-icon-ionicons\" data-sow-icon=\"&#xf209;\"\n\t\t ><\/span>\t\t\t\t\t\t\t<\/div>\n\t\t\t\t\t\t<\/div>\n\t\t\t\t\t<\/div>\n\t\t\t\t<\/div>\n\n\t\t\t<div class=\"sow-accordion-panel-content\" role=\"region\" aria-labelledby=\"accordion-label-calidad-y-soluci%c3%b3n-eficiente\" id=\"accordion-content-calidad-y-soluci%c3%b3n-eficiente\">\n\t\t\t\t<div class=\"sow-accordion-panel-border\" tabindex=\"0\">\n\t\t\t\t\t<p>\u2022Brindamos soluciones inteligentes e integrales a las necesidades de nuestros clientes. Priorizamos la sustentabilidad y calidad en los productos, asegurando una mayor vida \u00fatil y menor mantenimiento.<\/p>\n<p>\u2022Elaboramos propuestas con la mejor relaci\u00f3n precio-producto para la inversi\u00f3n de nuestro cliente.<\/p>\n\t\t\t\t<\/div>\n\t\t\t<\/div>\n\t\t<\/div>\n\t\t\t<div class=\"sow-accordion-panel\"\n\t\t\t data-anchor=\"innovaci%c3%b3n-tecnol%c3%b3gica\">\n\t\t\t\t<div class=\"sow-accordion-panel-header-container\" role=\"heading\" aria-level=\"2\">\n\t\t\t\t\t<div class=\"sow-accordion-panel-header\" tabindex=\"0\" role=\"button\" id=\"accordion-label-innovaci%c3%b3n-tecnol%c3%b3gica\" aria-controls=\"accordion-content-innovaci%c3%b3n-tecnol%c3%b3gica\" aria-expanded=\"false\">\n\t\t\t\t\t\t<div class=\"sow-accordion-title sow-accordion-title-icon-left\">\n\t\t\t\t\t\t\t\t\t\t\t\t\t\tInnovaci\u00f3n tecnol\u00f3gica\t\t\t\t\t\t\t\t\t\t\t\t\t<\/div>\n\t\t\t\t\t\t<div class=\"sow-accordion-open-close-button\">\n\t\t\t\t\t\t\t<div class=\"sow-accordion-open-button\">\n\t\t\t\t\t\t\t\t<span class=\"sow-icon-ionicons\" data-sow-icon=\"&#xf218;\"\n\t\t ><\/span>\t\t\t\t\t\t\t<\/div>\n\t\t\t\t\t\t\t<div class=\"sow-accordion-close-button\">\n\t\t\t\t\t\t\t\t<span class=\"sow-icon-ionicons\" data-sow-icon=\"&#xf209;\"\n\t\t ><\/span>\t\t\t\t\t\t\t<\/div>\n\t\t\t\t\t\t<\/div>\n\t\t\t\t\t<\/div>\n\t\t\t\t<\/div>\n\n\t\t\t<div class=\"sow-accordion-panel-content\" role=\"region\" aria-labelledby=\"accordion-label-innovaci%c3%b3n-tecnol%c3%b3gica\" id=\"accordion-content-innovaci%c3%b3n-tecnol%c3%b3gica\">\n\t\t\t\t<div class=\"sow-accordion-panel-border\" tabindex=\"0\">\n\t\t\t\t\t<p>Trabajamos en el dise\u00f1o, innovaci\u00f3n y adaptaci\u00f3n de nuestros productos. Utilizamos tecnolog\u00eda de avanzada para obtener los resultados t\u00e9cnicos esperados.<\/p>\n\t\t\t\t<\/div>\n\t\t\t<\/div>\n\t\t<\/div>\n\t\t\t<div class=\"sow-accordion-panel\"\n\t\t\t data-anchor=\"seriedad-en-el-trabajo-de-la-seguridad\">\n\t\t\t\t<div class=\"sow-accordion-panel-header-container\" role=\"heading\" aria-level=\"2\">\n\t\t\t\t\t<div class=\"sow-accordion-panel-header\" tabindex=\"0\" role=\"button\" id=\"accordion-label-seriedad-en-el-trabajo-de-la-seguridad\" aria-controls=\"accordion-content-seriedad-en-el-trabajo-de-la-seguridad\" aria-expanded=\"false\">\n\t\t\t\t\t\t<div class=\"sow-accordion-title sow-accordion-title-icon-left\">\n\t\t\t\t\t\t\t\t\t\t\t\t\t\tSeriedad en el trabajo de la seguridad\t\t\t\t\t\t\t\t\t\t\t\t\t<\/div>\n\t\t\t\t\t\t<div class=\"sow-accordion-open-close-button\">\n\t\t\t\t\t\t\t<div class=\"sow-accordion-open-button\">\n\t\t\t\t\t\t\t\t<span class=\"sow-icon-ionicons\" data-sow-icon=\"&#xf218;\"\n\t\t ><\/span>\t\t\t\t\t\t\t<\/div>\n\t\t\t\t\t\t\t<div class=\"sow-accordion-close-button\">\n\t\t\t\t\t\t\t\t<span class=\"sow-icon-ionicons\" data-sow-icon=\"&#xf209;\"\n\t\t ><\/span>\t\t\t\t\t\t\t<\/div>\n\t\t\t\t\t\t<\/div>\n\t\t\t\t\t<\/div>\n\t\t\t\t<\/div>\n\n\t\t\t<div class=\"sow-accordion-panel-content\" role=\"region\" aria-labelledby=\"accordion-label-seriedad-en-el-trabajo-de-la-seguridad\" id=\"accordion-content-seriedad-en-el-trabajo-de-la-seguridad\">\n\t\t\t\t<div class=\"sow-accordion-panel-border\" tabindex=\"0\">\n\t\t\t\t\t<p>La seguridad es un valor y principio de trabajo. Realizamos cerramientos de aluminio con un estricto cumplimiento de normativas de seguridad que garantizan la tranquilidad en el uso de los mismos.<\/p>\n\t\t\t\t<\/div>\n\t\t\t<\/div>\n\t\t<\/div>\n\t\t\t<div class=\"sow-accordion-panel\"\n\t\t\t data-anchor=\"dise%c3%b1os-exclusivos\">\n\t\t\t\t<div class=\"sow-accordion-panel-header-container\" role=\"heading\" aria-level=\"2\">\n\t\t\t\t\t<div class=\"sow-accordion-panel-header\" tabindex=\"0\" role=\"button\" id=\"accordion-label-dise%c3%b1os-exclusivos\" aria-controls=\"accordion-content-dise%c3%b1os-exclusivos\" aria-expanded=\"false\">\n\t\t\t\t\t\t<div class=\"sow-accordion-title sow-accordion-title-icon-left\">\n\t\t\t\t\t\t\t\t\t\t\t\t\t\tDise\u00f1os exclusivos\t\t\t\t\t\t\t\t\t\t\t\t\t<\/div>\n\t\t\t\t\t\t<div class=\"sow-accordion-open-close-button\">\n\t\t\t\t\t\t\t<div class=\"sow-accordion-open-button\">\n\t\t\t\t\t\t\t\t<span class=\"sow-icon-ionicons\" data-sow-icon=\"&#xf218;\"\n\t\t ><\/span>\t\t\t\t\t\t\t<\/div>\n\t\t\t\t\t\t\t<div class=\"sow-accordion-close-button\">\n\t\t\t\t\t\t\t\t<span class=\"sow-icon-ionicons\" data-sow-icon=\"&#xf209;\"\n\t\t ><\/span>\t\t\t\t\t\t\t<\/div>\n\t\t\t\t\t\t<\/div>\n\t\t\t\t\t<\/div>\n\t\t\t\t<\/div>\n\n\t\t\t<div class=\"sow-accordion-panel-content\" role=\"region\" aria-labelledby=\"accordion-label-dise%c3%b1os-exclusivos\" id=\"accordion-content-dise%c3%b1os-exclusivos\">\n\t\t\t\t<div class=\"sow-accordion-panel-border\" tabindex=\"0\">\n\t\t\t\t\t<p>Elaboramos dise\u00f1os exclusivos respondiendo a la demanda puntual del cliente. Desarrollamos proyectos basados en la funcionalidad, versatilidad y eficiencia energ\u00e9tica.<\/p>\n\t\t\t\t<\/div>\n\t\t\t<\/div>\n\t\t<\/div>\n\t\t\t<div class=\"sow-accordion-panel\"\n\t\t\t data-anchor=\"conciencia-ambiental\">\n\t\t\t\t<div class=\"sow-accordion-panel-header-container\" role=\"heading\" aria-level=\"2\">\n\t\t\t\t\t<div class=\"sow-accordion-panel-header\" tabindex=\"0\" role=\"button\" id=\"accordion-label-conciencia-ambiental\" aria-controls=\"accordion-content-conciencia-ambiental\" aria-expanded=\"false\">\n\t\t\t\t\t\t<div class=\"sow-accordion-title sow-accordion-title-icon-left\">\n\t\t\t\t\t\t\t\t\t\t\t\t\t\tConciencia ambiental\t\t\t\t\t\t\t\t\t\t\t\t\t<\/div>\n\t\t\t\t\t\t<div class=\"sow-accordion-open-close-button\">\n\t\t\t\t\t\t\t<div class=\"sow-accordion-open-button\">\n\t\t\t\t\t\t\t\t<span class=\"sow-icon-ionicons\" data-sow-icon=\"&#xf218;\"\n\t\t ><\/span>\t\t\t\t\t\t\t<\/div>\n\t\t\t\t\t\t\t<div class=\"sow-accordion-close-button\">\n\t\t\t\t\t\t\t\t<span class=\"sow-icon-ionicons\" data-sow-icon=\"&#xf209;\"\n\t\t ><\/span>\t\t\t\t\t\t\t<\/div>\n\t\t\t\t\t\t<\/div>\n\t\t\t\t\t<\/div>\n\t\t\t\t<\/div>\n\n\t\t\t<div class=\"sow-accordion-panel-content\" role=\"region\" aria-labelledby=\"accordion-label-conciencia-ambiental\" id=\"accordion-content-conciencia-ambiental\">\n\t\t\t\t<div class=\"sow-accordion-panel-border\" tabindex=\"0\">\n\t\t\t\t\t<p>Somos una empresa comprometida con la conciencia ambiental, el aluminio es 100% reciclable y se puede reutilizar infinitas veces, sin que pierda sus cualidades. Las aberturas de alta prestaci\u00f3n generan ahorro energ\u00e9tico logrando tanto en invierno como en verano, menor consumo de equipos de aire acondicionado, estufas o radiadores.<\/p>\n\t\t\t\t<\/div>\n\t\t\t<\/div>\n\t\t<\/div>\n\t\t<\/div>\n<\/div>\n<\/div><\/div><\/div><\/div><div id=\"pg-6804-1\"  class=\"panel-grid panel-no-style\" ><div id=\"pgc-6804-1-0\"  class=\"panel-grid-cell\" ><div id=\"panel-6804-1-0-0\" class=\"so-panel widget widget_sow-editor panel-first-child\" data-index=\"2\" ><div class=\"so-widget-sow-editor so-widget-sow-editor-base\">\n<div class=\"siteorigin-widget-tinymce textwidget\">\n\t<h3 style=\"text-align: center;\"><strong>SISTEMAS DE CARPINTER\u00cdA<\/strong><\/h3>\n<div id=\"gtx-trans\" style=\"position: absolute; left: 321px; top: 43.7188px;\">\n<div class=\"gtx-trans-icon\">&nbsp;<\/div>\n<\/div>\n<\/div>\n<\/div><\/div><div id=\"panel-6804-1-0-1\" class=\"so-panel widget widget_sow-image\" data-index=\"3\" ><div class=\"so-widget-sow-image so-widget-sow-image-default-d6014b76747a-6804\">\n\n<div class=\"sow-image-container\">\n\t\t<img src=\"https:\/\/nitidoaluminio.com.ar\/web\/wp-content\/uploads\/2019\/11\/02-Sistemas-de-carpinteria.jpg\" width=\"400\" height=\"400\" srcset=\"https:\/\/nitidoaluminio.com.ar\/web\/wp-content\/uploads\/2019\/11\/02-Sistemas-de-carpinteria.jpg 400w, https:\/\/nitidoaluminio.com.ar\/web\/wp-content\/uploads\/2019\/11\/02-Sistemas-de-carpinteria-150x150.jpg 150w, https:\/\/nitidoaluminio.com.ar\/web\/wp-content\/uploads\/2019\/11\/02-Sistemas-de-carpinteria-300x300.jpg 300w\" sizes=\"(max-width: 400px) 100vw, 400px\" alt=\"\" loading=\"lazy\" \t\tclass=\"so-widget-image\"\/>\n\t<\/div>\n\n<\/div><\/div><div id=\"panel-6804-1-0-2\" class=\"so-panel widget widget_sow-button panel-last-child\" data-index=\"4\" ><div class=\"so-widget-sow-button so-widget-sow-button-atom-3e7dcfb01ba0-6804\"><div class=\"ow-button-base ow-button-align-center\">\n\t<a href=\"https:\/\/nitidoaluminio.com.ar\/web\/sistemas-de-carpinteria\/\" class=\"ow-icon-placement-left ow-button-hover\" \t\t>\n\t\t<span>\n\t\t\t\n\t\t\tVER M\u00c1S\t\t<\/span>\n\t<\/a>\n<\/div>\n<\/div><\/div><\/div><div id=\"pgc-6804-1-1\"  class=\"panel-grid-cell\" ><div id=\"panel-6804-1-1-0\" class=\"so-panel widget widget_sow-editor panel-first-child\" data-index=\"5\" ><div class=\"so-widget-sow-editor so-widget-sow-editor-base\">\n<div class=\"siteorigin-widget-tinymce textwidget\">\n\t<h3 style=\"text-align: center;\"><strong>EXTERIORES<\/strong><\/h3>\n<\/div>\n<\/div><\/div><div id=\"panel-6804-1-1-1\" class=\"so-panel widget widget_sow-image\" data-index=\"6\" ><div class=\"so-widget-sow-image so-widget-sow-image-default-d6014b76747a-6804\">\n\n<div class=\"sow-image-container\">\n\t\t<img src=\"https:\/\/nitidoaluminio.com.ar\/web\/wp-content\/uploads\/2019\/11\/Exteriores.jpg\" width=\"400\" height=\"400\" srcset=\"https:\/\/nitidoaluminio.com.ar\/web\/wp-content\/uploads\/2019\/11\/Exteriores.jpg 400w, https:\/\/nitidoaluminio.com.ar\/web\/wp-content\/uploads\/2019\/11\/Exteriores-150x150.jpg 150w, https:\/\/nitidoaluminio.com.ar\/web\/wp-content\/uploads\/2019\/11\/Exteriores-300x300.jpg 300w\" sizes=\"(max-width: 400px) 100vw, 400px\" alt=\"\" loading=\"lazy\" \t\tclass=\"so-widget-image\"\/>\n\t<\/div>\n\n<\/div><\/div><div id=\"panel-6804-1-1-2\" class=\"so-panel widget widget_sow-button panel-last-child\" data-index=\"7\" ><div class=\"so-widget-sow-button so-widget-sow-button-atom-3e7dcfb01ba0-6804\"><div class=\"ow-button-base ow-button-align-center\">\n\t<a href=\"https:\/\/nitidoaluminio.com.ar\/web\/exteriores\/\" class=\"ow-icon-placement-left ow-button-hover\" \t\t>\n\t\t<span>\n\t\t\t\n\t\t\tVER M\u00c1S\t\t<\/span>\n\t<\/a>\n<\/div>\n<\/div><\/div><\/div><div id=\"pgc-6804-1-2\"  class=\"panel-grid-cell\" ><div id=\"panel-6804-1-2-0\" class=\"so-panel widget widget_sow-editor panel-first-child\" data-index=\"8\" ><div class=\"so-widget-sow-editor so-widget-sow-editor-base\">\n<div class=\"siteorigin-widget-tinymce textwidget\">\n\t<h3 style=\"text-align: center;\"><strong>INTERIORES<\/strong><\/h3>\n<div id=\"gtx-trans\" style=\"position: absolute; left: 373px; top: -6.28125px;\">\n<div class=\"gtx-trans-icon\">&nbsp;<\/div>\n<\/div>\n<\/div>\n<\/div><\/div><div id=\"panel-6804-1-2-1\" class=\"so-panel widget widget_sow-image\" data-index=\"9\" ><div class=\"so-widget-sow-image so-widget-sow-image-default-d6014b76747a-6804\">\n\n<div class=\"sow-image-container\">\n\t\t<img src=\"https:\/\/nitidoaluminio.com.ar\/web\/wp-content\/uploads\/2019\/11\/Interiores.jpg\" width=\"400\" height=\"400\" srcset=\"https:\/\/nitidoaluminio.com.ar\/web\/wp-content\/uploads\/2019\/11\/Interiores.jpg 400w, https:\/\/nitidoaluminio.com.ar\/web\/wp-content\/uploads\/2019\/11\/Interiores-150x150.jpg 150w, https:\/\/nitidoaluminio.com.ar\/web\/wp-content\/uploads\/2019\/11\/Interiores-300x300.jpg 300w\" sizes=\"(max-width: 400px) 100vw, 400px\" alt=\"\" loading=\"lazy\" \t\tclass=\"so-widget-image\"\/>\n\t<\/div>\n\n<\/div><\/div><div id=\"panel-6804-1-2-2\" class=\"so-panel widget widget_sow-button panel-last-child\" data-index=\"10\" ><div class=\"so-widget-sow-button so-widget-sow-button-atom-3e7dcfb01ba0-6804\"><div class=\"ow-button-base ow-button-align-center\">\n\t<a href=\"https:\/\/nitidoaluminio.com.ar\/web\/interiores\/\" class=\"ow-icon-placement-left ow-button-hover\" \t\t>\n\t\t<span>\n\t\t\t\n\t\t\tVER M\u00c1S\t\t<\/span>\n\t<\/a>\n<\/div>\n<\/div><\/div><\/div><div id=\"pgc-6804-1-3\"  class=\"panel-grid-cell\" ><div id=\"panel-6804-1-3-0\" class=\"so-panel widget widget_sow-editor panel-first-child\" data-index=\"11\" ><div class=\"so-widget-sow-editor so-widget-sow-editor-base\">\n<div class=\"siteorigin-widget-tinymce textwidget\">\n\t<h3 style=\"text-align: center;\"><strong>DISE\u00d1OS EXCLUSIVOS<\/strong><\/h3>\n<div id=\"gtx-trans\" style=\"position: absolute; left: 342px; top: 43.7188px;\">\n<div class=\"gtx-trans-icon\">&nbsp;<\/div>\n<\/div>\n<\/div>\n<\/div><\/div><div id=\"panel-6804-1-3-1\" class=\"so-panel widget widget_sow-image\" data-index=\"12\" ><div class=\"so-widget-sow-image so-widget-sow-image-default-d6014b76747a-6804\">\n\n<div class=\"sow-image-container\">\n\t\t<img src=\"https:\/\/nitidoaluminio.com.ar\/web\/wp-content\/uploads\/2019\/11\/02-Dise\u00f1os-Exclusivos.jpg\" width=\"400\" height=\"400\" srcset=\"https:\/\/nitidoaluminio.com.ar\/web\/wp-content\/uploads\/2019\/11\/02-Dise\u00f1os-Exclusivos.jpg 400w, https:\/\/nitidoaluminio.com.ar\/web\/wp-content\/uploads\/2019\/11\/02-Dise\u00f1os-Exclusivos-150x150.jpg 150w, https:\/\/nitidoaluminio.com.ar\/web\/wp-content\/uploads\/2019\/11\/02-Dise\u00f1os-Exclusivos-300x300.jpg 300w\" sizes=\"(max-width: 400px) 100vw, 400px\" alt=\"\" loading=\"lazy\" \t\tclass=\"so-widget-image\"\/>\n\t<\/div>\n\n<\/div><\/div><div id=\"panel-6804-1-3-2\" class=\"so-panel widget widget_sow-button panel-last-child\" data-index=\"13\" ><div class=\"so-widget-sow-button so-widget-sow-button-atom-3e7dcfb01ba0-6804\"><div class=\"ow-button-base ow-button-align-center\">\n\t<a href=\"https:\/\/nitidoaluminio.com.ar\/web\/disenos-exclusivos\/\" class=\"ow-icon-placement-left ow-button-hover\" \t\t>\n\t\t<span>\n\t\t\t\n\t\t\tVER M\u00c1S\t\t<\/span>\n\t<\/a>\n<\/div>\n<\/div><\/div><\/div><\/div><div id=\"pg-6804-2\"  class=\"panel-grid panel-no-style\" ><div id=\"pgc-6804-2-0\"  class=\"panel-grid-cell\" ><div id=\"panel-6804-2-0-0\" class=\"so-panel widget widget_sow-editor panel-first-child\" data-index=\"14\" ><div class=\"so-widget-sow-editor so-widget-sow-editor-base\">\n<div class=\"siteorigin-widget-tinymce textwidget\">\n\t<hr \/>\n<p>&nbsp;<\/p>\n<\/div>\n<\/div><\/div><div id=\"panel-6804-2-0-1\" class=\"so-panel widget widget_sow-image panel-last-child\" data-index=\"15\" ><div class=\"so-widget-sow-image so-widget-sow-image-default-17bc2272b535-6804\">\n\n<div class=\"sow-image-container\">\n\t\t\t<a\n\t\t\thref=\"https:\/\/nitidoaluminio.com.ar\/web\/contacto\/\"\n\t\t\t\t\t>\n\t\t\t<img src=\"https:\/\/nitidoaluminio.com.ar\/web\/wp-content\/uploads\/2019\/11\/Icono-Contacto-120x120.png\" width=\"120\" height=\"120\" sizes=\"(max-width: 120px) 100vw, 120px\" title=\"Icono-Contacto-120&#215;120\" alt=\"\" loading=\"lazy\" \t\tclass=\"so-widget-image\"\/>\n\t<\/a><\/div>\n\n<\/div><\/div><\/div><\/div><\/div>","protected":false},"excerpt":{"rendered":"<p>Nuestros productos se realizan con altos est\u00e1ndares de calidad en todos los procesos, uniendo creatividad y conocimiento en cada proyecto, para lograr espacios m\u00e1s placenteros. SISTEMAS DE CARPINTER\u00cdA &nbsp; EXTERIORES INTERIORES &nbsp; DISE\u00d1OS EXCLUSIVOS &nbsp;<\/p>\n","protected":false},"author":2,"featured_media":6254,"parent":0,"menu_order":0,"comment_status":"closed","ping_status":"closed","template":"full-width.php","meta":{"ngg_post_thumbnail":0},"_links":{"self":[{"href":"https:\/\/nitidoaluminio.com.ar\/web\/wp-json\/wp\/v2\/pages\/6804"}],"collection":[{"href":"https:\/\/nitidoaluminio.com.ar\/web\/wp-json\/wp\/v2\/pages"}],"about":[{"href":"https:\/\/nitidoaluminio.com.ar\/web\/wp-json\/wp\/v2\/types\/page"}],"author":[{"embeddable":true,"href":"https:\/\/nitidoaluminio.com.ar\/web\/wp-json\/wp\/v2\/users\/2"}],"replies":[{"embeddable":true,"href":"https:\/\/nitidoaluminio.com.ar\/web\/wp-json\/wp\/v2\/comments?post=6804"}],"version-history":[{"count":35,"href":"https:\/\/nitidoaluminio.com.ar\/web\/wp-json\/wp\/v2\/pages\/6804\/revisions"}],"predecessor-version":[{"id":6875,"href":"https:\/\/nitidoaluminio.com.ar\/web\/wp-json\/wp\/v2\/pages\/6804\/revisions\/6875"}],"wp:featuredmedia":[{"embeddable":true,"href":"https:\/\/nitidoaluminio.com.ar\/web\/wp-json\/wp\/v2\/media\/6254"}],"wp:attachment":[{"href":"https:\/\/nitidoaluminio.com.ar\/web\/wp-json\/wp\/v2\/media?parent=6804"}],"curies":[{"name":"wp","href":"https:\/\/api.w.org\/{rel}","templated":true}]}}