{"id":6414,"date":"2019-08-23T19:01:20","date_gmt":"2019-08-23T19:01:20","guid":{"rendered":"http:\/\/nitidoaluminio.com.ar\/web\/?page_id=6414"},"modified":"2019-10-25T17:48:59","modified_gmt":"2019-10-25T17:48:59","slug":"ekonal","status":"publish","type":"page","link":"https:\/\/nitidoaluminio.com.ar\/web\/ekonal\/","title":{"rendered":"Ekonal"},"content":{"rendered":"<div id=\"pl-6414\"  class=\"panel-layout\" ><div id=\"pg-6414-0\"  class=\"panel-grid panel-no-style\" ><div id=\"pgc-6414-0-0\"  class=\"panel-grid-cell\" ><div id=\"panel-6414-0-0-0\" class=\"so-panel widget widget_sow-editor panel-first-child panel-last-child\" data-index=\"0\" ><div class=\"so-widget-sow-editor so-widget-sow-editor-base\">\n<div class=\"siteorigin-widget-tinymce textwidget\">\n\t<p><span style=\"font-size: medium;\">Es un sistema de Carpinter\u00eda liviano, dise\u00f1ado para satisfacer las necesidades del segmento b\u00e1sico de aberturas, para viviendas unifamiliares con \u00f3ptima prestaci\u00f3n. <\/span><\/p>\n<\/div>\n<\/div><\/div><\/div><div id=\"pgc-6414-0-1\"  class=\"panel-grid-cell\" ><div id=\"panel-6414-0-1-0\" class=\"so-panel widget widget_sow-accordion panel-first-child\" data-index=\"1\" ><div class=\"so-widget-sow-accordion so-widget-sow-accordion-default-99be652ed941-6414\"><div>\n\t<div class=\"sow-accordion\">\n\t\t\t<div class=\"sow-accordion-panel\"\n\t\t\t data-anchor=\"tipolog%c3%adas-disponibles\">\n\t\t\t\t<div class=\"sow-accordion-panel-header-container\" role=\"heading\" aria-level=\"2\">\n\t\t\t\t\t<div class=\"sow-accordion-panel-header\" tabindex=\"0\" role=\"button\" id=\"accordion-label-tipolog%c3%adas-disponibles\" aria-controls=\"accordion-content-tipolog%c3%adas-disponibles\" aria-expanded=\"false\">\n\t\t\t\t\t\t<div class=\"sow-accordion-title sow-accordion-title-icon-left\">\n\t\t\t\t\t\t\t\t\t\t\t\t\t\tTipolog\u00edas disponibles\t\t\t\t\t\t\t\t\t\t\t\t\t<\/div>\n\t\t\t\t\t\t<div class=\"sow-accordion-open-close-button\">\n\t\t\t\t\t\t\t<div class=\"sow-accordion-open-button\">\n\t\t\t\t\t\t\t\t<span class=\"sow-icon-ionicons\" data-sow-icon=\"&#xf218;\"\n\t\t ><\/span>\t\t\t\t\t\t\t<\/div>\n\t\t\t\t\t\t\t<div class=\"sow-accordion-close-button\">\n\t\t\t\t\t\t\t\t<span class=\"sow-icon-ionicons\" data-sow-icon=\"&#xf209;\"\n\t\t ><\/span>\t\t\t\t\t\t\t<\/div>\n\t\t\t\t\t\t<\/div>\n\t\t\t\t\t<\/div>\n\t\t\t\t<\/div>\n\n\t\t\t<div class=\"sow-accordion-panel-content\" role=\"region\" aria-labelledby=\"accordion-label-tipolog%c3%adas-disponibles\" id=\"accordion-content-tipolog%c3%adas-disponibles\">\n\t\t\t\t<div class=\"sow-accordion-panel-border\" tabindex=\"0\">\n\t\t\t\t\t<p>\u2022Pa\u00f1o fijo<\/p>\n<p>\u2022Ventana corrediza de 2 hojas corte a 90\u00b0<\/p>\n<p>\u2022Puerta de rebatir de 25 mm de 1 y 2 hojas<\/p>\n<p>\u2022Puerta de rebatir de 32 mm de 1 y 2 hojas<\/p>\n<p>\u2022Ventana banderola<\/p>\n<p>\u2022Postig\u00f3n de rebatir<\/p>\n<p>\u2022Ventana ventiluz<\/p>\n<p>\u2022Ventana y puerta corrediza corte a 90\u00ba<\/p>\n\t\t\t\t<\/div>\n\t\t\t<\/div>\n\t\t<\/div>\n\t\t<\/div>\n<\/div>\n<\/div><\/div><div id=\"panel-6414-0-1-1\" class=\"so-panel widget widget_sow-image panel-last-child\" data-index=\"2\" ><div class=\"so-widget-sow-image so-widget-sow-image-default-17bc2272b535-6414\">\n\n<div class=\"sow-image-container\">\n\t\t<img src=\"https:\/\/nitidoaluminio.com.ar\/web\/wp-content\/uploads\/2019\/08\/Ekonal-V-Corrediza.jpg\" width=\"270\" height=\"270\" srcset=\"https:\/\/nitidoaluminio.com.ar\/web\/wp-content\/uploads\/2019\/08\/Ekonal-V-Corrediza.jpg 270w, https:\/\/nitidoaluminio.com.ar\/web\/wp-content\/uploads\/2019\/08\/Ekonal-V-Corrediza-150x150.jpg 150w\" sizes=\"(max-width: 270px) 100vw, 270px\" alt=\"\" loading=\"lazy\" \t\tclass=\"so-widget-image\"\/>\n\t<\/div>\n\n<\/div><\/div><\/div><\/div><\/div>","protected":false},"excerpt":{"rendered":"<p>Es un sistema de Carpinter\u00eda liviano, dise\u00f1ado para satisfacer las necesidades del segmento b\u00e1sico de aberturas, para viviendas unifamiliares con \u00f3ptima prestaci\u00f3n.<\/p>\n","protected":false},"author":2,"featured_media":6695,"parent":0,"menu_order":0,"comment_status":"closed","ping_status":"closed","template":"full-width.php","meta":{"ngg_post_thumbnail":0},"_links":{"self":[{"href":"https:\/\/nitidoaluminio.com.ar\/web\/wp-json\/wp\/v2\/pages\/6414"}],"collection":[{"href":"https:\/\/nitidoaluminio.com.ar\/web\/wp-json\/wp\/v2\/pages"}],"about":[{"href":"https:\/\/nitidoaluminio.com.ar\/web\/wp-json\/wp\/v2\/types\/page"}],"author":[{"embeddable":true,"href":"https:\/\/nitidoaluminio.com.ar\/web\/wp-json\/wp\/v2\/users\/2"}],"replies":[{"embeddable":true,"href":"https:\/\/nitidoaluminio.com.ar\/web\/wp-json\/wp\/v2\/comments?post=6414"}],"version-history":[{"count":4,"href":"https:\/\/nitidoaluminio.com.ar\/web\/wp-json\/wp\/v2\/pages\/6414\/revisions"}],"predecessor-version":[{"id":6420,"href":"https:\/\/nitidoaluminio.com.ar\/web\/wp-json\/wp\/v2\/pages\/6414\/revisions\/6420"}],"wp:featuredmedia":[{"embeddable":true,"href":"https:\/\/nitidoaluminio.com.ar\/web\/wp-json\/wp\/v2\/media\/6695"}],"wp:attachment":[{"href":"https:\/\/nitidoaluminio.com.ar\/web\/wp-json\/wp\/v2\/media?parent=6414"}],"curies":[{"name":"wp","href":"https:\/\/api.w.org\/{rel}","templated":true}]}}