{"id":6376,"date":"2019-08-23T18:30:21","date_gmt":"2019-08-23T18:30:21","guid":{"rendered":"http:\/\/nitidoaluminio.com.ar\/web\/?page_id=6376"},"modified":"2019-10-25T17:56:18","modified_gmt":"2019-10-25T17:56:18","slug":"a-40","status":"publish","type":"page","link":"https:\/\/nitidoaluminio.com.ar\/web\/a-40\/","title":{"rendered":"A 40"},"content":{"rendered":"<div id=\"pl-6376\"  class=\"panel-layout\" ><div id=\"pg-6376-0\"  class=\"panel-grid panel-no-style\" ><div id=\"pgc-6376-0-0\"  class=\"panel-grid-cell\" ><div id=\"panel-6376-0-0-0\" class=\"so-panel widget widget_sow-editor panel-first-child panel-last-child\" data-index=\"0\" ><div class=\"so-widget-sow-editor so-widget-sow-editor-base\">\n<div class=\"siteorigin-widget-tinymce textwidget\">\n\t<p><span style=\"font-size: medium;\">Sistema de Carpinter\u00eda de alta prestaci\u00f3n con dise\u00f1o de vanguardia de l\u00edneas rectas y acento minimalista. Desarrollo innovador en aberturas corredizas de gran tama\u00f1o con excelente hermeticidad, para viviendas de alta gama y edificios en altura. Cuenta con puertas y ventanas corredizas, y una amplia gama de tipolog\u00edas batientes.<br \/>\nEn los sistemas corredizos el dise\u00f1o a 90\u00b0 logra la relaci\u00f3n \u00f3ptima entre la inercia necesaria y la forma de los perfiles, dando como resultado una reducci\u00f3n de la vista de los parantes de aluminio. Permite la realizaci\u00f3n de aberturas de gran tama\u00f1o y peso con alta resistencia a las cargas de viento, adem\u00e1s de ofrecer parantes reforzados y umbrales con mayor tama\u00f1o de caja de agua. El ancho de marco de 114 permite el armado de umbral y jamba con corte a 90\u00b0. El sistema se completa con marcos para el armado de corredizas de 3 hojas donde se pueden utilizar hojas a 90\u00b0 o a 45\u00b0. Los sistemas batientes permiten la realizaci\u00f3n de hoja escalonada u hoja coplanar en ventana y puerta de rebatir. En ancho de marco de las batientes es de 60 mm. Es posible la utilizaci\u00f3n de marcos de 114 mm compatibles con los sistemas corredizos. Admite la utilizaci\u00f3n de vidrio simple o DVH hasta 32 mm.<\/span><\/p>\n<\/div>\n<\/div><\/div><\/div><div id=\"pgc-6376-0-1\"  class=\"panel-grid-cell\" ><div id=\"panel-6376-0-1-0\" class=\"so-panel widget widget_sow-accordion panel-first-child panel-last-child\" data-index=\"1\" ><div class=\"so-widget-sow-accordion so-widget-sow-accordion-default-99be652ed941-6376\"><div>\n\t<div class=\"sow-accordion\">\n\t\t\t<div class=\"sow-accordion-panel\"\n\t\t\t data-anchor=\"tipolog%c3%adas-disponibles\">\n\t\t\t\t<div class=\"sow-accordion-panel-header-container\" role=\"heading\" aria-level=\"2\">\n\t\t\t\t\t<div class=\"sow-accordion-panel-header\" tabindex=\"0\" role=\"button\" id=\"accordion-label-tipolog%c3%adas-disponibles\" aria-controls=\"accordion-content-tipolog%c3%adas-disponibles\" aria-expanded=\"false\">\n\t\t\t\t\t\t<div class=\"sow-accordion-title sow-accordion-title-icon-left\">\n\t\t\t\t\t\t\t\t\t\t\t\t\t\tTipolog\u00edas disponibles\t\t\t\t\t\t\t\t\t\t\t\t\t<\/div>\n\t\t\t\t\t\t<div class=\"sow-accordion-open-close-button\">\n\t\t\t\t\t\t\t<div class=\"sow-accordion-open-button\">\n\t\t\t\t\t\t\t\t<span class=\"sow-icon-ionicons\" data-sow-icon=\"&#xf218;\"\n\t\t ><\/span>\t\t\t\t\t\t\t<\/div>\n\t\t\t\t\t\t\t<div class=\"sow-accordion-close-button\">\n\t\t\t\t\t\t\t\t<span class=\"sow-icon-ionicons\" data-sow-icon=\"&#xf209;\"\n\t\t ><\/span>\t\t\t\t\t\t\t<\/div>\n\t\t\t\t\t\t<\/div>\n\t\t\t\t\t<\/div>\n\t\t\t\t<\/div>\n\n\t\t\t<div class=\"sow-accordion-panel-content\" role=\"region\" aria-labelledby=\"accordion-label-tipolog%c3%adas-disponibles\" id=\"accordion-content-tipolog%c3%adas-disponibles\">\n\t\t\t\t<div class=\"sow-accordion-panel-border\" tabindex=\"0\">\n\t\t\t\t\t\u2022Ventana desplazable<\/p>\n\u2022Pa\u00f1o fijo<\/p>\n\u2022Puerta de rebatir de 1 y 2 hojas<\/p>\n\u2022Ventana de abrir oscilobatiente de 1 y 2 hojas<\/p>\n\u2022Puerta vaiv\u00e9n de 1 y 2 hojas<\/p>\n\u2022Ventana y Puerta corrediza de 2, 3 y 4 hojas con hojas con corte a 90\u00b0 o a 45\u00b0<\/p>\n\t\t\t\t<\/div>\n\t\t\t<\/div>\n\t\t<\/div>\n\t\t<\/div>\n<\/div>\n<\/div><\/div><\/div><\/div><div id=\"pg-6376-1\"  class=\"panel-grid panel-no-style\" ><div id=\"pgc-6376-1-0\"  class=\"panel-grid-cell\" ><div id=\"panel-6376-1-0-0\" class=\"so-panel widget widget_sow-image panel-first-child panel-last-child\" data-index=\"2\" ><div class=\"so-widget-sow-image so-widget-sow-image-default-17bc2272b535-6376\">\n\n<div class=\"sow-image-container\">\n\t\t<img src=\"https:\/\/nitidoaluminio.com.ar\/web\/wp-content\/uploads\/2019\/08\/A40-Batiente-270x270.jpg\" width=\"270\" height=\"270\" srcset=\"https:\/\/nitidoaluminio.com.ar\/web\/wp-content\/uploads\/2019\/08\/A40-Batiente-270x270.jpg 270w, https:\/\/nitidoaluminio.com.ar\/web\/wp-content\/uploads\/2019\/08\/A40-Batiente-270x270-150x150.jpg 150w\" sizes=\"(max-width: 270px) 100vw, 270px\" title=\"A40-Batiente-270&#215;270\" alt=\"\" loading=\"lazy\" \t\tclass=\"so-widget-image\"\/>\n\t<\/div>\n\n<\/div><\/div><\/div><div id=\"pgc-6376-1-1\"  class=\"panel-grid-cell\" ><div id=\"panel-6376-1-1-0\" class=\"so-panel widget widget_sow-image panel-first-child panel-last-child\" data-index=\"3\" ><div class=\"so-widget-sow-image so-widget-sow-image-default-17bc2272b535-6376\">\n\n<div class=\"sow-image-container\">\n\t\t<img src=\"https:\/\/nitidoaluminio.com.ar\/web\/wp-content\/uploads\/2019\/08\/A40-Esquinero.jpg\" width=\"270\" height=\"270\" srcset=\"https:\/\/nitidoaluminio.com.ar\/web\/wp-content\/uploads\/2019\/08\/A40-Esquinero.jpg 270w, https:\/\/nitidoaluminio.com.ar\/web\/wp-content\/uploads\/2019\/08\/A40-Esquinero-150x150.jpg 150w\" sizes=\"(max-width: 270px) 100vw, 270px\" alt=\"\" loading=\"lazy\" \t\tclass=\"so-widget-image\"\/>\n\t<\/div>\n\n<\/div><\/div><\/div><\/div><\/div>","protected":false},"excerpt":{"rendered":"<p>Sistema de Carpinter\u00eda de alta prestaci\u00f3n con dise\u00f1o de vanguardia de l\u00edneas rectas y acento minimalista. Desarrollo innovador en aberturas corredizas de gran tama\u00f1o con excelente hermeticidad, para viviendas de alta gama y edificios en altura. Cuenta con puertas y ventanas corredizas, y una amplia gama de tipolog\u00edas batientes. En los sistemas corredizos el dise\u00f1o&#8230; <\/p>\n","protected":false},"author":2,"featured_media":6695,"parent":0,"menu_order":0,"comment_status":"closed","ping_status":"closed","template":"full-width.php","meta":{"ngg_post_thumbnail":0},"_links":{"self":[{"href":"https:\/\/nitidoaluminio.com.ar\/web\/wp-json\/wp\/v2\/pages\/6376"}],"collection":[{"href":"https:\/\/nitidoaluminio.com.ar\/web\/wp-json\/wp\/v2\/pages"}],"about":[{"href":"https:\/\/nitidoaluminio.com.ar\/web\/wp-json\/wp\/v2\/types\/page"}],"author":[{"embeddable":true,"href":"https:\/\/nitidoaluminio.com.ar\/web\/wp-json\/wp\/v2\/users\/2"}],"replies":[{"embeddable":true,"href":"https:\/\/nitidoaluminio.com.ar\/web\/wp-json\/wp\/v2\/comments?post=6376"}],"version-history":[{"count":9,"href":"https:\/\/nitidoaluminio.com.ar\/web\/wp-json\/wp\/v2\/pages\/6376\/revisions"}],"predecessor-version":[{"id":6769,"href":"https:\/\/nitidoaluminio.com.ar\/web\/wp-json\/wp\/v2\/pages\/6376\/revisions\/6769"}],"wp:featuredmedia":[{"embeddable":true,"href":"https:\/\/nitidoaluminio.com.ar\/web\/wp-json\/wp\/v2\/media\/6695"}],"wp:attachment":[{"href":"https:\/\/nitidoaluminio.com.ar\/web\/wp-json\/wp\/v2\/media?parent=6376"}],"curies":[{"name":"wp","href":"https:\/\/api.w.org\/{rel}","templated":true}]}}