{"id":6370,"date":"2019-08-23T18:15:31","date_gmt":"2019-08-23T18:15:31","guid":{"rendered":"http:\/\/nitidoaluminio.com.ar\/web\/?page_id=6370"},"modified":"2019-10-25T17:56:09","modified_gmt":"2019-10-25T17:56:09","slug":"alteza","status":"publish","type":"page","link":"https:\/\/nitidoaluminio.com.ar\/web\/alteza\/","title":{"rendered":"Alteza"},"content":{"rendered":"<div id=\"pl-6370\"  class=\"panel-layout\" ><div id=\"pg-6370-0\"  class=\"panel-grid panel-no-style\" ><div id=\"pgc-6370-0-0\"  class=\"panel-grid-cell\" ><div id=\"panel-6370-0-0-0\" class=\"so-panel widget widget_sow-editor panel-first-child panel-last-child\" data-index=\"0\" ><div class=\"so-widget-sow-editor so-widget-sow-editor-base\">\n<div class=\"siteorigin-widget-tinymce textwidget\">\n\t<p><span style=\"font-size: medium;\">Sistema de Carpinter\u00eda de alta prestaci\u00f3n dise\u00f1ado para brindar confort, hermeticidad y resistencia en altura. La robustez de sus perfiles permite fabricar aberturas de gran tama\u00f1o, y su \u00f3ptima aislaci\u00f3n termo-ac\u00fastica lo transforma en el producto premium. Dispone de una l\u00ednea de corredizas alzantes dise\u00f1ada para sintetizar la funcionalidad de una tipolog\u00eda corrediza con la hermeticidad de una batiente, debido a su mecanismo alzante. La corrediza Alzante New-X permite fabricar hojas de 3,40 m de ancho x 3 m de alto, con gran resistencia a las cargas de viento. La corrediza Alzante Gos-s permite hojas de 2 m de ancho x 2.50 m de alto. Esto, sumado a la capacidad de las hojas de admitir Doble Vidriado Herm\u00e9tico (DVH) hasta 32 mm., asegura \u00f3ptima aislaci\u00f3n t\u00e9rmica y ac\u00fastica. El sistema tambi\u00e9n dispone de tipolog\u00edas batientes (ventana de abrir y puerta de rebatir), pa\u00f1o fijo y ventana desplazable. La utilizaci\u00f3n de burletes de EPDM otorga excelente resistencia a la infiltraci\u00f3n de aire y estanqueidad al agua. Esta l\u00ednea est\u00e1 siendo ampliamente utilizada en los emprendimientos m\u00e1s importantes.<br \/>\n<\/span><\/p>\n<\/div>\n<\/div><\/div><\/div><div id=\"pgc-6370-0-1\"  class=\"panel-grid-cell\" ><div id=\"panel-6370-0-1-0\" class=\"so-panel widget widget_sow-accordion panel-first-child panel-last-child\" data-index=\"1\" ><div class=\"so-widget-sow-accordion so-widget-sow-accordion-default-99be652ed941-6370\"><div>\n\t<div class=\"sow-accordion\">\n\t\t\t<div class=\"sow-accordion-panel\"\n\t\t\t data-anchor=\"tipolog%c3%adas-disponibles\">\n\t\t\t\t<div class=\"sow-accordion-panel-header-container\" role=\"heading\" aria-level=\"2\">\n\t\t\t\t\t<div class=\"sow-accordion-panel-header\" tabindex=\"0\" role=\"button\" id=\"accordion-label-tipolog%c3%adas-disponibles\" aria-controls=\"accordion-content-tipolog%c3%adas-disponibles\" aria-expanded=\"false\">\n\t\t\t\t\t\t<div class=\"sow-accordion-title sow-accordion-title-icon-left\">\n\t\t\t\t\t\t\t\t\t\t\t\t\t\tTipolog\u00edas disponibles\t\t\t\t\t\t\t\t\t\t\t\t\t<\/div>\n\t\t\t\t\t\t<div class=\"sow-accordion-open-close-button\">\n\t\t\t\t\t\t\t<div class=\"sow-accordion-open-button\">\n\t\t\t\t\t\t\t\t<span class=\"sow-icon-ionicons\" data-sow-icon=\"&#xf218;\"\n\t\t ><\/span>\t\t\t\t\t\t\t<\/div>\n\t\t\t\t\t\t\t<div class=\"sow-accordion-close-button\">\n\t\t\t\t\t\t\t\t<span class=\"sow-icon-ionicons\" data-sow-icon=\"&#xf209;\"\n\t\t ><\/span>\t\t\t\t\t\t\t<\/div>\n\t\t\t\t\t\t<\/div>\n\t\t\t\t\t<\/div>\n\t\t\t\t<\/div>\n\n\t\t\t<div class=\"sow-accordion-panel-content\" role=\"region\" aria-labelledby=\"accordion-label-tipolog%c3%adas-disponibles\" id=\"accordion-content-tipolog%c3%adas-disponibles\">\n\t\t\t\t<div class=\"sow-accordion-panel-border\" tabindex=\"0\">\n\t\t\t\t\t<p>\u2022Ventana desplazable<\/p>\n<p>\u2022Pa\u00f1o fijo<\/p>\n<p>\u2022Corrediza Alzante New X<\/p>\n<p>\u2022Corrediza Alzante GOS-S<\/p>\n<p>\u2022Ventana de abrir oscilobatiente<\/p>\n<p>\u2022Puerta de rebatir<\/p>\n\t\t\t\t<\/div>\n\t\t\t<\/div>\n\t\t<\/div>\n\t\t<\/div>\n<\/div>\n<\/div><\/div><\/div><\/div><div id=\"pg-6370-1\"  class=\"panel-grid panel-no-style\" ><div id=\"pgc-6370-1-0\"  class=\"panel-grid-cell\" ><div id=\"panel-6370-1-0-0\" class=\"so-panel widget widget_sow-image panel-first-child panel-last-child\" data-index=\"2\" ><div class=\"so-widget-sow-image so-widget-sow-image-default-17bc2272b535-6370\">\n\n<div class=\"sow-image-container\">\n\t\t<img src=\"https:\/\/nitidoaluminio.com.ar\/web\/wp-content\/uploads\/2019\/08\/Alteza-Goss.jpg\" width=\"270\" height=\"270\" srcset=\"https:\/\/nitidoaluminio.com.ar\/web\/wp-content\/uploads\/2019\/08\/Alteza-Goss.jpg 270w, https:\/\/nitidoaluminio.com.ar\/web\/wp-content\/uploads\/2019\/08\/Alteza-Goss-150x150.jpg 150w\" sizes=\"(max-width: 270px) 100vw, 270px\" alt=\"\" loading=\"lazy\" \t\tclass=\"so-widget-image\"\/>\n\t<\/div>\n\n<\/div><\/div><\/div><div id=\"pgc-6370-1-1\"  class=\"panel-grid-cell\" ><div id=\"panel-6370-1-1-0\" class=\"so-panel widget widget_sow-image panel-first-child panel-last-child\" data-index=\"3\" ><div class=\"so-widget-sow-image so-widget-sow-image-default-17bc2272b535-6370\">\n\n<div class=\"sow-image-container\">\n\t\t<img src=\"https:\/\/nitidoaluminio.com.ar\/web\/wp-content\/uploads\/2019\/08\/Alteza-New-X1.jpg\" width=\"270\" height=\"270\" srcset=\"https:\/\/nitidoaluminio.com.ar\/web\/wp-content\/uploads\/2019\/08\/Alteza-New-X1.jpg 270w, https:\/\/nitidoaluminio.com.ar\/web\/wp-content\/uploads\/2019\/08\/Alteza-New-X1-150x150.jpg 150w\" sizes=\"(max-width: 270px) 100vw, 270px\" alt=\"\" loading=\"lazy\" \t\tclass=\"so-widget-image\"\/>\n\t<\/div>\n\n<\/div><\/div><\/div><\/div><\/div>","protected":false},"excerpt":{"rendered":"<p>Sistema de Carpinter\u00eda de alta prestaci\u00f3n dise\u00f1ado para brindar confort, hermeticidad y resistencia en altura. La robustez de sus perfiles permite fabricar aberturas de gran tama\u00f1o, y su \u00f3ptima aislaci\u00f3n termo-ac\u00fastica lo transforma en el producto premium. Dispone de una l\u00ednea de corredizas alzantes dise\u00f1ada para sintetizar la funcionalidad de una tipolog\u00eda corrediza con la&#8230; <\/p>\n","protected":false},"author":2,"featured_media":6695,"parent":0,"menu_order":0,"comment_status":"closed","ping_status":"closed","template":"full-width.php","meta":{"ngg_post_thumbnail":0},"_links":{"self":[{"href":"https:\/\/nitidoaluminio.com.ar\/web\/wp-json\/wp\/v2\/pages\/6370"}],"collection":[{"href":"https:\/\/nitidoaluminio.com.ar\/web\/wp-json\/wp\/v2\/pages"}],"about":[{"href":"https:\/\/nitidoaluminio.com.ar\/web\/wp-json\/wp\/v2\/types\/page"}],"author":[{"embeddable":true,"href":"https:\/\/nitidoaluminio.com.ar\/web\/wp-json\/wp\/v2\/users\/2"}],"replies":[{"embeddable":true,"href":"https:\/\/nitidoaluminio.com.ar\/web\/wp-json\/wp\/v2\/comments?post=6370"}],"version-history":[{"count":8,"href":"https:\/\/nitidoaluminio.com.ar\/web\/wp-json\/wp\/v2\/pages\/6370\/revisions"}],"predecessor-version":[{"id":6767,"href":"https:\/\/nitidoaluminio.com.ar\/web\/wp-json\/wp\/v2\/pages\/6370\/revisions\/6767"}],"wp:featuredmedia":[{"embeddable":true,"href":"https:\/\/nitidoaluminio.com.ar\/web\/wp-json\/wp\/v2\/media\/6695"}],"wp:attachment":[{"href":"https:\/\/nitidoaluminio.com.ar\/web\/wp-json\/wp\/v2\/media?parent=6370"}],"curies":[{"name":"wp","href":"https:\/\/api.w.org\/{rel}","templated":true}]}}