{"id":6359,"date":"2019-08-23T18:06:17","date_gmt":"2019-08-23T18:06:17","guid":{"rendered":"http:\/\/nitidoaluminio.com.ar\/web\/?page_id=6359"},"modified":"2019-10-25T17:47:37","modified_gmt":"2019-10-25T17:47:37","slug":"modena-rpt-2","status":"publish","type":"page","link":"https:\/\/nitidoaluminio.com.ar\/web\/modena-rpt-2\/","title":{"rendered":"Modena RPT"},"content":{"rendered":"<div id=\"pl-6359\"  class=\"panel-layout\" ><div id=\"pg-6359-0\"  class=\"panel-grid panel-no-style\" ><div id=\"pgc-6359-0-0\"  class=\"panel-grid-cell\" ><div id=\"panel-6359-0-0-0\" class=\"so-panel widget widget_sow-editor panel-first-child panel-last-child\" data-index=\"0\" ><div class=\"so-widget-sow-editor so-widget-sow-editor-base\">\n<div class=\"siteorigin-widget-tinymce textwidget\">\n\t<p><span style=\"font-size: medium;\">El sistema m\u00e1s utilizado en el pa\u00eds, incorpora a la gama de productos Ruptura de Puente T\u00e9rmico una nueva versi\u00f3n de la l\u00ednea M\u00f3dena.<br \/>\nEl nuevo sistema M\u00f3dena RPT brinda las ventajas y atributos del cl\u00e1sico sistema M\u00f3dena en cuanto a est\u00e9tica y hermeticidad incorporando la tecnolog\u00eda de Ruptura de Puente T\u00e9rmico (RPT) para lograr mayor aislaci\u00f3n t\u00e9rmica en los perfiles.<br \/>\nM\u00f3dena se desarroll\u00f3 en 1995 y r\u00e1pidamente se convirti\u00f3 en una l\u00ednea ampliamente utilizada en todo tipo de obras a lo largo de todo el pa\u00eds, manteniendo su vigencia en el mercado, aun cuando actualmente existen nuevos sistemas con nuevas l\u00edneas est\u00e9ticas. M\u00f3dena RPT mantiene el dise\u00f1o original del emblem\u00e1tico sistema permitiendo la misma variedad de tama\u00f1os que M\u00f3dena.<br \/>\nEl sistema permite la realizaci\u00f3n de puertas y ventanas corredizas con marco y hojas con corte a 45\u00b0, con la posibilidad de utilizaci\u00f3n de mosquitero. Adem\u00e1s, cuenta con un parante reforzado para utilizar cuando es necesaria mayor exigencia de presi\u00f3n de viento. El ancho de marco es de 45 mm como en la tradicional l\u00ednea M\u00f3dena. El armado de los marcos y hojas se realiza a 45\u00b0 con escuadra de tracci\u00f3n y de alineaci\u00f3n. La hoja admite un espesor de DVH de 20 a 24 mm.<br \/>\nEl sistema se completa con las tipolog\u00edas batientes con sistema de hermeticidad de doble contacto con burletes de EPDM. Admite DVH de 22 a 32 mm.<br \/>\n<\/span><\/p>\n<\/div>\n<\/div><\/div><\/div><div id=\"pgc-6359-0-1\"  class=\"panel-grid-cell\" ><div id=\"panel-6359-0-1-0\" class=\"so-panel widget widget_sow-accordion panel-first-child\" data-index=\"1\" ><div class=\"so-widget-sow-accordion so-widget-sow-accordion-default-99be652ed941-6359\"><div>\n\t<div class=\"sow-accordion\">\n\t\t\t<div class=\"sow-accordion-panel\"\n\t\t\t data-anchor=\"tipolog%c3%adas-disponibles\">\n\t\t\t\t<div class=\"sow-accordion-panel-header-container\" role=\"heading\" aria-level=\"2\">\n\t\t\t\t\t<div class=\"sow-accordion-panel-header\" tabindex=\"0\" role=\"button\" id=\"accordion-label-tipolog%c3%adas-disponibles\" aria-controls=\"accordion-content-tipolog%c3%adas-disponibles\" aria-expanded=\"false\">\n\t\t\t\t\t\t<div class=\"sow-accordion-title sow-accordion-title-icon-left\">\n\t\t\t\t\t\t\t\t\t\t\t\t\t\tTipolog\u00edas disponibles\t\t\t\t\t\t\t\t\t\t\t\t\t<\/div>\n\t\t\t\t\t\t<div class=\"sow-accordion-open-close-button\">\n\t\t\t\t\t\t\t<div class=\"sow-accordion-open-button\">\n\t\t\t\t\t\t\t\t<span class=\"sow-icon-ionicons\" data-sow-icon=\"&#xf218;\"\n\t\t ><\/span>\t\t\t\t\t\t\t<\/div>\n\t\t\t\t\t\t\t<div class=\"sow-accordion-close-button\">\n\t\t\t\t\t\t\t\t<span class=\"sow-icon-ionicons\" data-sow-icon=\"&#xf209;\"\n\t\t ><\/span>\t\t\t\t\t\t\t<\/div>\n\t\t\t\t\t\t<\/div>\n\t\t\t\t\t<\/div>\n\t\t\t\t<\/div>\n\n\t\t\t<div class=\"sow-accordion-panel-content\" role=\"region\" aria-labelledby=\"accordion-label-tipolog%c3%adas-disponibles\" id=\"accordion-content-tipolog%c3%adas-disponibles\">\n\t\t\t\t<div class=\"sow-accordion-panel-border\" tabindex=\"0\">\n\t\t\t\t\t<p>\u2022Ventana desplazable<\/p>\n<p>\u2022Pa\u00f1o fijo<\/p>\n<p>\u2022Ventana de abrir oscilobatiente<\/p>\n<p>\u2022Ventana corrediza de dos hojas con corte a 45\u00b0<\/p>\n<p>\u2022Puerta corrediza de dos hojas con corte a 45\u00b0<\/p>\n<p>\u2022Puerta de rebatir de una hoja<\/p>\n\t\t\t\t<\/div>\n\t\t\t<\/div>\n\t\t<\/div>\n\t\t<\/div>\n<\/div>\n<\/div><\/div><div id=\"panel-6359-0-1-1\" class=\"so-panel widget widget_sow-image panel-last-child\" data-index=\"2\" ><div class=\"so-widget-sow-image so-widget-sow-image-default-17bc2272b535-6359\">\n\n<div class=\"sow-image-container\">\n\t\t<img src=\"https:\/\/nitidoaluminio.com.ar\/web\/wp-content\/uploads\/2019\/08\/Modena-RPT.jpg\" width=\"270\" height=\"270\" srcset=\"https:\/\/nitidoaluminio.com.ar\/web\/wp-content\/uploads\/2019\/08\/Modena-RPT.jpg 270w, https:\/\/nitidoaluminio.com.ar\/web\/wp-content\/uploads\/2019\/08\/Modena-RPT-150x150.jpg 150w\" sizes=\"(max-width: 270px) 100vw, 270px\" alt=\"\" loading=\"lazy\" \t\tclass=\"so-widget-image\"\/>\n\t<\/div>\n\n<\/div><\/div><\/div><\/div><\/div>","protected":false},"excerpt":{"rendered":"<p>El sistema m\u00e1s utilizado en el pa\u00eds, incorpora a la gama de productos Ruptura de Puente T\u00e9rmico una nueva versi\u00f3n de la l\u00ednea M\u00f3dena. El nuevo sistema M\u00f3dena RPT brinda las ventajas y atributos del cl\u00e1sico sistema M\u00f3dena en cuanto a est\u00e9tica y hermeticidad incorporando la tecnolog\u00eda de Ruptura de Puente T\u00e9rmico (RPT) para lograr&#8230; <\/p>\n","protected":false},"author":2,"featured_media":6695,"parent":0,"menu_order":0,"comment_status":"closed","ping_status":"closed","template":"full-width.php","meta":{"ngg_post_thumbnail":0},"_links":{"self":[{"href":"https:\/\/nitidoaluminio.com.ar\/web\/wp-json\/wp\/v2\/pages\/6359"}],"collection":[{"href":"https:\/\/nitidoaluminio.com.ar\/web\/wp-json\/wp\/v2\/pages"}],"about":[{"href":"https:\/\/nitidoaluminio.com.ar\/web\/wp-json\/wp\/v2\/types\/page"}],"author":[{"embeddable":true,"href":"https:\/\/nitidoaluminio.com.ar\/web\/wp-json\/wp\/v2\/users\/2"}],"replies":[{"embeddable":true,"href":"https:\/\/nitidoaluminio.com.ar\/web\/wp-json\/wp\/v2\/comments?post=6359"}],"version-history":[{"count":8,"href":"https:\/\/nitidoaluminio.com.ar\/web\/wp-json\/wp\/v2\/pages\/6359\/revisions"}],"predecessor-version":[{"id":6369,"href":"https:\/\/nitidoaluminio.com.ar\/web\/wp-json\/wp\/v2\/pages\/6359\/revisions\/6369"}],"wp:featuredmedia":[{"embeddable":true,"href":"https:\/\/nitidoaluminio.com.ar\/web\/wp-json\/wp\/v2\/media\/6695"}],"wp:attachment":[{"href":"https:\/\/nitidoaluminio.com.ar\/web\/wp-json\/wp\/v2\/media?parent=6359"}],"curies":[{"name":"wp","href":"https:\/\/api.w.org\/{rel}","templated":true}]}}