{"id":6338,"date":"2019-08-23T18:02:35","date_gmt":"2019-08-23T18:02:35","guid":{"rendered":"http:\/\/nitidoaluminio.com.ar\/web\/?page_id=6338"},"modified":"2019-10-25T17:54:00","modified_gmt":"2019-10-25T17:54:00","slug":"alteza-rpt","status":"publish","type":"page","link":"https:\/\/nitidoaluminio.com.ar\/web\/alteza-rpt\/","title":{"rendered":"Alteza RPT"},"content":{"rendered":"<div id=\"pl-6338\"  class=\"panel-layout\" ><div id=\"pg-6338-0\"  class=\"panel-grid panel-no-style\" ><div id=\"pgc-6338-0-0\"  class=\"panel-grid-cell\" ><div id=\"panel-6338-0-0-0\" class=\"so-panel widget widget_sow-editor panel-first-child panel-last-child\" data-index=\"0\" ><div class=\"so-widget-sow-editor so-widget-sow-editor-base\">\n<div class=\"siteorigin-widget-tinymce textwidget\">\n\t<p><font size=3>Este sistema presenta una tipolog\u00eda que combina la funcionalidad de una corrediza con la hermeticidad de una batiente, a ra\u00edz de la utilizaci\u00f3n de un mecanismo alzante. La ventaja principal es que, al accionar la falleba en posici\u00f3n cerrado la hoja desciende permitiendo un cierre herm\u00e9tico de los burletes de la hoja con el marco.<br \/>\nAdem\u00e1s, el mecanismo tiene la posibilidad de agregar puntos de cierre logrando una excelente hermeticidad de la abertura. El dise\u00f1o de los perfiles de hoja a 45\u00b0 permite la realizaci\u00f3n de aberturas de gran tama\u00f1o con una est\u00e9tica de l\u00edneas recta compatible con los \u00faltimos desarrollos de Aluar.<br \/>\nEl sistema se completa con las tipolog\u00edas batientes con un dise\u00f1o est\u00e9tico de bordes rectos, que permite gran tama\u00f1o de aberturas con excelente hermeticidad, aislaci\u00f3n y funcionamiento<\/font><\/p>\n<\/div>\n<\/div><\/div><\/div><div id=\"pgc-6338-0-1\"  class=\"panel-grid-cell\" ><div id=\"panel-6338-0-1-0\" class=\"so-panel widget widget_sow-accordion panel-first-child panel-last-child\" data-index=\"1\" ><div class=\"so-widget-sow-accordion so-widget-sow-accordion-default-99be652ed941-6338\"><div>\n\t<div class=\"sow-accordion\">\n\t\t\t<div class=\"sow-accordion-panel\"\n\t\t\t data-anchor=\"tipolog%c3%adas-disponibles\">\n\t\t\t\t<div class=\"sow-accordion-panel-header-container\" role=\"heading\" aria-level=\"2\">\n\t\t\t\t\t<div class=\"sow-accordion-panel-header\" tabindex=\"0\" role=\"button\" id=\"accordion-label-tipolog%c3%adas-disponibles\" aria-controls=\"accordion-content-tipolog%c3%adas-disponibles\" aria-expanded=\"false\">\n\t\t\t\t\t\t<div class=\"sow-accordion-title sow-accordion-title-icon-left\">\n\t\t\t\t\t\t\t\t\t\t\t\t\t\tTipolog\u00edas disponibles\t\t\t\t\t\t\t\t\t\t\t\t\t<\/div>\n\t\t\t\t\t\t<div class=\"sow-accordion-open-close-button\">\n\t\t\t\t\t\t\t<div class=\"sow-accordion-open-button\">\n\t\t\t\t\t\t\t\t<span class=\"sow-icon-ionicons\" data-sow-icon=\"&#xf218;\"\n\t\t ><\/span>\t\t\t\t\t\t\t<\/div>\n\t\t\t\t\t\t\t<div class=\"sow-accordion-close-button\">\n\t\t\t\t\t\t\t\t<span class=\"sow-icon-ionicons\" data-sow-icon=\"&#xf209;\"\n\t\t ><\/span>\t\t\t\t\t\t\t<\/div>\n\t\t\t\t\t\t<\/div>\n\t\t\t\t\t<\/div>\n\t\t\t\t<\/div>\n\n\t\t\t<div class=\"sow-accordion-panel-content\" role=\"region\" aria-labelledby=\"accordion-label-tipolog%c3%adas-disponibles\" id=\"accordion-content-tipolog%c3%adas-disponibles\">\n\t\t\t\t<div class=\"sow-accordion-panel-border\" tabindex=\"0\">\n\t\t\t\t\t<p><span style=\"font-size: medium;\">\u2022 Ventana de abrir de 1 y 2 hojas<br \/>\n\u2022 Ventana desplazable<br \/>\n\u2022 Pa\u00f1o fijo<br \/>\n\u2022 Puerta de rebatir de 1 y 2 hojas<br \/>\n\u2022 Ventana oscilobatiente<br \/>\n\u2022 Ventana y puerta corrediza Alzante de 1 y 2 hojas<\/span><\/p>\n\t\t\t\t<\/div>\n\t\t\t<\/div>\n\t\t<\/div>\n\t\t<\/div>\n<\/div>\n<\/div><\/div><\/div><\/div><div id=\"pg-6338-1\"  class=\"panel-grid panel-no-style\" ><div id=\"pgc-6338-1-0\"  class=\"panel-grid-cell\" ><div id=\"panel-6338-1-0-0\" class=\"so-panel widget widget_sow-image panel-first-child panel-last-child\" data-index=\"2\" ><div class=\"so-widget-sow-image so-widget-sow-image-default-17bc2272b535-6338\">\n\n<div class=\"sow-image-container\">\n\t\t<img src=\"https:\/\/nitidoaluminio.com.ar\/web\/wp-content\/uploads\/2019\/08\/Betiente-270x270.jpg\" width=\"270\" height=\"270\" srcset=\"https:\/\/nitidoaluminio.com.ar\/web\/wp-content\/uploads\/2019\/08\/Betiente-270x270.jpg 270w, https:\/\/nitidoaluminio.com.ar\/web\/wp-content\/uploads\/2019\/08\/Betiente-270x270-150x150.jpg 150w\" sizes=\"(max-width: 270px) 100vw, 270px\" title=\"Betiente-270&#215;270\" alt=\"\" loading=\"lazy\" \t\tclass=\"so-widget-image\"\/>\n\t<\/div>\n\n<\/div><\/div><\/div><div id=\"pgc-6338-1-1\"  class=\"panel-grid-cell\" ><div id=\"panel-6338-1-1-0\" class=\"so-panel widget widget_sow-image panel-first-child panel-last-child\" data-index=\"3\" ><div class=\"so-widget-sow-image so-widget-sow-image-default-17bc2272b535-6338\">\n\n<div class=\"sow-image-container\">\n\t\t<img src=\"https:\/\/nitidoaluminio.com.ar\/web\/wp-content\/uploads\/2019\/08\/Corrediza-Alzante-270x270-1.jpg\" width=\"270\" height=\"270\" srcset=\"https:\/\/nitidoaluminio.com.ar\/web\/wp-content\/uploads\/2019\/08\/Corrediza-Alzante-270x270-1.jpg 270w, https:\/\/nitidoaluminio.com.ar\/web\/wp-content\/uploads\/2019\/08\/Corrediza-Alzante-270x270-1-150x150.jpg 150w\" sizes=\"(max-width: 270px) 100vw, 270px\" title=\"Corrediza-Alzante-270&#215;270\" alt=\"\" loading=\"lazy\" \t\tclass=\"so-widget-image\"\/>\n\t<\/div>\n\n<\/div><\/div><\/div><div id=\"pgc-6338-1-2\"  class=\"panel-grid-cell\" ><div id=\"panel-6338-1-2-0\" class=\"so-panel widget widget_sow-image panel-first-child panel-last-child\" data-index=\"4\" ><div class=\"so-widget-sow-image so-widget-sow-image-default-17bc2272b535-6338\">\n\n<div class=\"sow-image-container\">\n\t\t<img src=\"https:\/\/nitidoaluminio.com.ar\/web\/wp-content\/uploads\/2019\/08\/Pano-Fino-270x270-1.jpg\" width=\"270\" height=\"270\" srcset=\"https:\/\/nitidoaluminio.com.ar\/web\/wp-content\/uploads\/2019\/08\/Pano-Fino-270x270-1.jpg 270w, https:\/\/nitidoaluminio.com.ar\/web\/wp-content\/uploads\/2019\/08\/Pano-Fino-270x270-1-150x150.jpg 150w\" sizes=\"(max-width: 270px) 100vw, 270px\" title=\"Pano Fino 270&#215;270\" alt=\"\" loading=\"lazy\" \t\tclass=\"so-widget-image\"\/>\n\t<\/div>\n\n<\/div><\/div><\/div><div id=\"pgc-6338-1-3\"  class=\"panel-grid-cell\" ><div id=\"panel-6338-1-3-0\" class=\"so-panel widget widget_sow-image panel-first-child panel-last-child\" data-index=\"5\" ><div class=\"so-widget-sow-image so-widget-sow-image-default-17bc2272b535-6338\">\n\n<div class=\"sow-image-container\">\n\t\t<img src=\"https:\/\/nitidoaluminio.com.ar\/web\/wp-content\/uploads\/2019\/08\/Puerta-de-Rebatir-270x270-1.jpg\" width=\"270\" height=\"270\" srcset=\"https:\/\/nitidoaluminio.com.ar\/web\/wp-content\/uploads\/2019\/08\/Puerta-de-Rebatir-270x270-1.jpg 270w, https:\/\/nitidoaluminio.com.ar\/web\/wp-content\/uploads\/2019\/08\/Puerta-de-Rebatir-270x270-1-150x150.jpg 150w\" sizes=\"(max-width: 270px) 100vw, 270px\" title=\"Puerta-de-Rebatir-270&#215;270\" alt=\"\" loading=\"lazy\" \t\tclass=\"so-widget-image\"\/>\n\t<\/div>\n\n<\/div><\/div><\/div><div id=\"pgc-6338-1-4\"  class=\"panel-grid-cell\" ><div id=\"panel-6338-1-4-0\" class=\"so-panel widget widget_sow-image panel-first-child panel-last-child\" data-index=\"6\" ><div class=\"so-widget-sow-image so-widget-sow-image-default-17bc2272b535-6338\">\n\n<div class=\"sow-image-container\">\n\t\t<img src=\"https:\/\/nitidoaluminio.com.ar\/web\/wp-content\/uploads\/2019\/08\/Ventana-Desplazable-270x270-1.jpg\" width=\"270\" height=\"270\" srcset=\"https:\/\/nitidoaluminio.com.ar\/web\/wp-content\/uploads\/2019\/08\/Ventana-Desplazable-270x270-1.jpg 270w, https:\/\/nitidoaluminio.com.ar\/web\/wp-content\/uploads\/2019\/08\/Ventana-Desplazable-270x270-1-150x150.jpg 150w\" sizes=\"(max-width: 270px) 100vw, 270px\" title=\"Ventana-Desplazable-270&#215;270\" alt=\"\" loading=\"lazy\" \t\tclass=\"so-widget-image\"\/>\n\t<\/div>\n\n<\/div><\/div><\/div><\/div><\/div>","protected":false},"excerpt":{"rendered":"<p>Este sistema presenta una tipolog\u00eda que combina la funcionalidad de una corrediza con la hermeticidad de una batiente, a ra\u00edz de la utilizaci\u00f3n de un mecanismo alzante. La ventaja principal es que, al accionar la falleba en posici\u00f3n cerrado la hoja desciende permitiendo un cierre herm\u00e9tico de los burletes de la hoja con el marco&#8230;. <\/p>\n","protected":false},"author":2,"featured_media":6695,"parent":0,"menu_order":0,"comment_status":"closed","ping_status":"closed","template":"full-width.php","meta":{"ngg_post_thumbnail":0},"_links":{"self":[{"href":"https:\/\/nitidoaluminio.com.ar\/web\/wp-json\/wp\/v2\/pages\/6338"}],"collection":[{"href":"https:\/\/nitidoaluminio.com.ar\/web\/wp-json\/wp\/v2\/pages"}],"about":[{"href":"https:\/\/nitidoaluminio.com.ar\/web\/wp-json\/wp\/v2\/types\/page"}],"author":[{"embeddable":true,"href":"https:\/\/nitidoaluminio.com.ar\/web\/wp-json\/wp\/v2\/users\/2"}],"replies":[{"embeddable":true,"href":"https:\/\/nitidoaluminio.com.ar\/web\/wp-json\/wp\/v2\/comments?post=6338"}],"version-history":[{"count":16,"href":"https:\/\/nitidoaluminio.com.ar\/web\/wp-json\/wp\/v2\/pages\/6338\/revisions"}],"predecessor-version":[{"id":6764,"href":"https:\/\/nitidoaluminio.com.ar\/web\/wp-json\/wp\/v2\/pages\/6338\/revisions\/6764"}],"wp:featuredmedia":[{"embeddable":true,"href":"https:\/\/nitidoaluminio.com.ar\/web\/wp-json\/wp\/v2\/media\/6695"}],"wp:attachment":[{"href":"https:\/\/nitidoaluminio.com.ar\/web\/wp-json\/wp\/v2\/media?parent=6338"}],"curies":[{"name":"wp","href":"https:\/\/api.w.org\/{rel}","templated":true}]}}