{"id":6150,"date":"2019-06-14T14:16:26","date_gmt":"2019-06-14T14:16:26","guid":{"rendered":"http:\/\/nitidoaluminio.com.ar\/web\/?page_id=6150"},"modified":"2019-11-04T18:49:12","modified_gmt":"2019-11-04T18:49:12","slug":"nuestra-empresa","status":"publish","type":"page","link":"https:\/\/nitidoaluminio.com.ar\/web\/nuestra-empresa\/","title":{"rendered":"Nuestra empresa"},"content":{"rendered":"<div id=\"pl-6150\"  class=\"panel-layout\" ><div id=\"pg-6150-0\"  class=\"panel-grid panel-no-style\" ><div id=\"pgc-6150-0-0\"  class=\"panel-grid-cell\" ><div id=\"panel-6150-0-0-0\" class=\"so-panel widget widget_sow-editor panel-first-child\" data-index=\"0\" ><div class=\"so-widget-sow-editor so-widget-sow-editor-base\">\n<div class=\"siteorigin-widget-tinymce textwidget\">\n\t<p><span style=\"font-size: medium;\">Somos una empresa dedicada al dise\u00f1o, fabricaci\u00f3n e instalaci\u00f3n de cerramientos e interiorismo para la arquitectura. Nuestros productos se realizan con altos est\u00e1ndares de calidad en todos los procesos, uniendo creatividad y conocimiento en cada proyecto, para lograr espacios m\u00e1s placenteros.<\/span><\/p>\n<p><span style=\"font-size: medium;\">Contamos con un gran equipo de colaboradores junto a dise\u00f1adores industriales y arquitectos que apuesta a la b\u00fasqueda permanente en investigaci\u00f3n y desarrollos de nuevos productos con procesos comprometidos con nuestro medio ambiente.<\/span><\/p>\n<p><span style=\"font-size: medium;\">Nos asociamos a los desaf\u00edos de Arquitectos, Constructores, Inversores Inmobiliarios, Obras unifamiliares y todo tipo de Clientes que lleven adelante proyectos constructivos en el territorio Argentino y pa\u00edses lim\u00edtrofes.<\/span><\/p>\n<h2><strong>Misi\u00f3n<\/strong><\/h2>\n<p><span style=\"font-size: medium;\">Desarrollar productos de alto valor agregado, uniendo creatividad y conocimiento en cada proyecto, para lograr espacios m\u00e1s placenteros.<\/span><\/p>\n<h2><strong>Visi\u00f3n<\/strong><\/h2>\n<p><span style=\"font-size: medium;\">Ser siempre la mejor opci\u00f3n en la elecci\u00f3n de cerramientos e interiorismo para la arquitectura, garantizando profesionalismo e innovaci\u00f3n tecnol\u00f3gica.<\/span><\/p>\n<h2><strong>Valores<\/strong><\/h2>\n<p><span style=\"font-size: medium;\"><em><strong>Excelencia:<\/strong><\/em> Es la capacidad de crear soluciones inteligentes a trav\u00e9s de la eficiencia, cooperaci\u00f3n e innovaci\u00f3n tecnol\u00f3gica. Se expresa en la b\u00fasqueda permanente de la mejora en los procesos y recursos de la empresa.<\/span><\/p>\n<p><span style=\"font-size: medium;\"><em><strong>Compromiso:<\/strong><\/em> Es trabajar con la responsabilidad de superar las obligaciones propias y sentirse parte de la empresa. Se expresa en el trabajo en equipo, en la comunicaci\u00f3n asertiva y en el buen clima laboral.<\/span><\/p>\n<p><span style=\"font-size: medium;\"><em><strong>Solidaridad:<\/strong><\/em> Es la capacidad de colaborar por el bien com\u00fan. Se expresa en el respeto por el otro, en aceptar las diferencias y en construir consenso para el trabajo en equipo.<\/span><\/p>\n<\/div>\n<\/div><\/div><div id=\"panel-6150-0-0-1\" class=\"so-panel widget widget_sow-editor\" data-index=\"1\" ><div class=\"so-widget-sow-editor so-widget-sow-editor-base\">\n<div class=\"siteorigin-widget-tinymce textwidget\">\n\t<hr \/>\n<p>&nbsp;<\/p>\n<\/div>\n<\/div><\/div><div id=\"panel-6150-0-0-2\" class=\"so-panel widget widget_sow-image panel-last-child\" data-index=\"2\" ><div class=\"so-widget-sow-image so-widget-sow-image-default-17bc2272b535-6150\">\n\n<div class=\"sow-image-container\">\n\t\t\t<a\n\t\t\thref=\"https:\/\/nitidoaluminio.com.ar\/web\/contacto\/\"\n\t\t\t\t\t>\n\t\t\t<img src=\"https:\/\/nitidoaluminio.com.ar\/web\/wp-content\/uploads\/2019\/11\/Icono-Contacto-120x120.png\" width=\"120\" height=\"120\" sizes=\"(max-width: 120px) 100vw, 120px\" title=\"Icono-Contacto-120&#215;120\" alt=\"\" loading=\"lazy\" \t\tclass=\"so-widget-image\"\/>\n\t<\/a><\/div>\n\n<\/div><\/div><\/div><\/div><\/div>","protected":false},"excerpt":{"rendered":"<p>Somos una empresa dedicada al dise\u00f1o, fabricaci\u00f3n e instalaci\u00f3n de cerramientos e interiorismo para la arquitectura. Nuestros productos se realizan con altos est\u00e1ndares de calidad en todos los procesos, uniendo creatividad y conocimiento en cada proyecto, para lograr espacios m\u00e1s placenteros. Contamos con un gran equipo de colaboradores junto a dise\u00f1adores industriales y arquitectos que&#8230; <\/p>\n","protected":false},"author":2,"featured_media":6761,"parent":0,"menu_order":0,"comment_status":"closed","ping_status":"closed","template":"full-width.php","meta":{"ngg_post_thumbnail":0},"_links":{"self":[{"href":"https:\/\/nitidoaluminio.com.ar\/web\/wp-json\/wp\/v2\/pages\/6150"}],"collection":[{"href":"https:\/\/nitidoaluminio.com.ar\/web\/wp-json\/wp\/v2\/pages"}],"about":[{"href":"https:\/\/nitidoaluminio.com.ar\/web\/wp-json\/wp\/v2\/types\/page"}],"author":[{"embeddable":true,"href":"https:\/\/nitidoaluminio.com.ar\/web\/wp-json\/wp\/v2\/users\/2"}],"replies":[{"embeddable":true,"href":"https:\/\/nitidoaluminio.com.ar\/web\/wp-json\/wp\/v2\/comments?post=6150"}],"version-history":[{"count":18,"href":"https:\/\/nitidoaluminio.com.ar\/web\/wp-json\/wp\/v2\/pages\/6150\/revisions"}],"predecessor-version":[{"id":6877,"href":"https:\/\/nitidoaluminio.com.ar\/web\/wp-json\/wp\/v2\/pages\/6150\/revisions\/6877"}],"wp:featuredmedia":[{"embeddable":true,"href":"https:\/\/nitidoaluminio.com.ar\/web\/wp-json\/wp\/v2\/media\/6761"}],"wp:attachment":[{"href":"https:\/\/nitidoaluminio.com.ar\/web\/wp-json\/wp\/v2\/media?parent=6150"}],"curies":[{"name":"wp","href":"https:\/\/api.w.org\/{rel}","templated":true}]}}